{"id":811,"date":"2021-09-08T17:57:35","date_gmt":"2021-09-08T15:57:35","guid":{"rendered":"https:\/\/laura.ticmatic.es\/?page_id=811"},"modified":"2021-09-21T13:24:16","modified_gmt":"2021-09-21T11:24:16","slug":"terapia-para-ninos-y-adolescentes-por-abuso-de-sustancias-adicciones","status":"publish","type":"page","link":"https:\/\/www.laurarequena.es\/en\/servicios\/terapias-para-ninos-y-adolescentes\/terapias-para-ninos-y-adolescentes-con-otras-patologias\/terapia-para-ninos-y-adolescentes-por-abuso-de-sustancias-adicciones\/","title":{"rendered":"Terapia para ni\u00f1os y adolescentes por abuso de sustancias\/adicciones"},"content":{"rendered":"[vc_row type=&#8221;full_width_background&#8221; full_screen_row_position=&#8221;middle&#8221; column_margin=&#8221;default&#8221; column_direction=&#8221;default&#8221; column_direction_tablet=&#8221;default&#8221; column_direction_phone=&#8221;default&#8221; bg_color=&#8221;#333333&#8243; bg_image=&#8221;741&#8243; bg_position=&#8221;center center&#8221; background_image_loading=&#8221;default&#8221; bg_repeat=&#8221;no-repeat&#8221; full_height=&#8221;yes&#8221; scene_position=&#8221;center&#8221; top_padding=&#8221;0&#8243; constrain_group_1=&#8221;yes&#8221; bottom_padding=&#8221;0&#8243; text_color=&#8221;light&#8221; text_align=&#8221;left&#8221; row_border_radius=&#8221;none&#8221; row_border_radius_applies=&#8221;bg&#8221; color_overlay=&#8221;#0a0a0a&#8221; overlay_strength=&#8221;0.3&#8243; gradient_direction=&#8221;left_to_right&#8221; shape_divider_position=&#8221;bottom&#8221; bg_image_animation=&#8221;none&#8221; parallax_bg=&#8221;true&#8221; parallax_bg_speed=&#8221;fast&#8221; shape_type=&#8221;&#8221;][vc_column column_padding=&#8221;no-extra-padding&#8221; column_padding_tablet=&#8221;inherit&#8221; column_padding_phone=&#8221;inherit&#8221; column_padding_position=&#8221;all&#8221; column_element_spacing=&#8221;default&#8221; background_color_opacity=&#8221;1&#8243; background_hover_color_opacity=&#8221;1&#8243; column_shadow=&#8221;none&#8221; column_border_radius=&#8221;none&#8221; column_link_target=&#8221;_self&#8221; gradient_direction=&#8221;left_to_right&#8221; overlay_strength=&#8221;0.3&#8243; width=&#8221;1\/1&#8243; tablet_width_inherit=&#8221;default&#8221; tablet_text_alignment=&#8221;default&#8221; phone_text_alignment=&#8221;default&#8221; bg_image_animation=&#8221;none&#8221; border_type=&#8221;simple&#8221; column_border_width=&#8221;none&#8221; column_border_style=&#8221;solid&#8221;][vc_row_inner column_margin=&#8221;default&#8221; column_direction=&#8221;default&#8221; column_direction_tablet=&#8221;default&#8221; column_direction_phone=&#8221;default&#8221; text_align=&#8221;left&#8221;][vc_column_inner column_padding=&#8221;no-extra-padding&#8221; column_padding_tablet=&#8221;inherit&#8221; column_padding_phone=&#8221;inherit&#8221; column_padding_position=&#8221;all&#8221; column_element_spacing=&#8221;default&#8221; background_color_opacity=&#8221;1&#8243; background_hover_color_opacity=&#8221;1&#8243; column_shadow=&#8221;none&#8221; column_border_radius=&#8221;none&#8221; column_link_target=&#8221;_self&#8221; gradient_direction=&#8221;left_to_right&#8221; overlay_strength=&#8221;0.3&#8243; width=&#8221;1\/6&#8243; tablet_width_inherit=&#8221;default&#8221; bg_image_animation=&#8221;none&#8221; enable_animation=&#8221;true&#8221; animation=&#8221;fade-in-from-bottom&#8221; border_type=&#8221;simple&#8221; column_border_width=&#8221;none&#8221; column_border_style=&#8221;solid&#8221;][\/vc_column_inner][vc_column_inner column_padding=&#8221;no-extra-padding&#8221; column_padding_tablet=&#8221;inherit&#8221; column_padding_phone=&#8221;inherit&#8221; column_padding_position=&#8221;all&#8221; column_element_spacing=&#8221;default&#8221; centered_text=&#8221;true&#8221; background_color_opacity=&#8221;1&#8243; background_hover_color_opacity=&#8221;1&#8243; column_shadow=&#8221;none&#8221; column_border_radius=&#8221;none&#8221; column_link_target=&#8221;_self&#8221; gradient_direction=&#8221;left_to_right&#8221; overlay_strength=&#8221;0.3&#8243; width=&#8221;2\/3&#8243; tablet_width_inherit=&#8221;default&#8221; bg_image_animation=&#8221;none&#8221; enable_animation=&#8221;true&#8221; animation=&#8221;fade-in-from-bottom&#8221; border_type=&#8221;simple&#8221; column_border_width=&#8221;none&#8221; column_border_style=&#8221;solid&#8221;][vc_column_text css_animation=&#8221;none&#8221; css=&#8221;.vc_custom_1631116538945{margin-bottom: 15px !important;}&#8221;]\n<h1>Terapia para ni\u00f1os y adolescentes por abuso de sustancias\/adicciones<\/h1>\n[\/vc_column_text][\/vc_column_inner][vc_column_inner column_padding=&#8221;no-extra-padding&#8221; column_padding_tablet=&#8221;inherit&#8221; column_padding_phone=&#8221;inherit&#8221; column_padding_position=&#8221;all&#8221; column_element_spacing=&#8221;default&#8221; background_color_opacity=&#8221;1&#8243; background_hover_color_opacity=&#8221;1&#8243; column_shadow=&#8221;none&#8221; column_border_radius=&#8221;none&#8221; column_link_target=&#8221;_self&#8221; gradient_direction=&#8221;left_to_right&#8221; overlay_strength=&#8221;0.3&#8243; width=&#8221;1\/6&#8243; tablet_width_inherit=&#8221;default&#8221; bg_image_animation=&#8221;none&#8221; border_type=&#8221;simple&#8221; column_border_width=&#8221;none&#8221; column_border_style=&#8221;solid&#8221;][\/vc_column_inner][\/vc_row_inner][\/vc_column][\/vc_row][vc_row type=&#8221;full_width_content&#8221; full_screen_row_position=&#8221;middle&#8221; column_margin=&#8221;default&#8221; equal_height=&#8221;yes&#8221; content_placement=&#8221;middle&#8221; column_direction=&#8221;default&#8221; column_direction_tablet=&#8221;default&#8221; column_direction_phone=&#8221;default&#8221; bg_color=&#8221;#141414&#8243; full_height=&#8221;yes&#8221; columns_placement=&#8221;stretch&#8221; scene_position=&#8221;center&#8221; text_color=&#8221;light&#8221; text_align=&#8221;left&#8221; row_border_radius=&#8221;none&#8221; row_border_radius_applies=&#8221;bg&#8221; overlay_strength=&#8221;0.3&#8243; gradient_direction=&#8221;left_to_right&#8221; shape_divider_position=&#8221;bottom&#8221; bg_image_animation=&#8221;none&#8221; shape_type=&#8221;&#8221;][vc_column column_padding=&#8221;padding-10-percent&#8221; column_padding_tablet=&#8221;inherit&#8221; column_padding_phone=&#8221;inherit&#8221; column_padding_position=&#8221;all&#8221; column_element_spacing=&#8221;default&#8221; background_color_opacity=&#8221;1&#8243; background_hover_color_opacity=&#8221;1&#8243; column_shadow=&#8221;none&#8221; column_border_radius=&#8221;none&#8221; column_link_target=&#8221;_self&#8221; gradient_direction=&#8221;left_to_right&#8221; overlay_strength=&#8221;0.3&#8243; width=&#8221;1\/1&#8243; tablet_width_inherit=&#8221;default&#8221; tablet_text_alignment=&#8221;default&#8221; phone_text_alignment=&#8221;default&#8221; bg_image_animation=&#8221;none&#8221; border_type=&#8221;simple&#8221; column_border_width=&#8221;none&#8221; column_border_style=&#8221;solid&#8221;][vc_custom_heading text=&#8221;Terapia para ni\u00f1os y adolescentes&#8221; font_container=&#8221;tag:h5|text_align:left|color:%23bfbfbf&#8221; use_theme_fonts=&#8221;yes&#8221; css=&#8221;.vc_custom_1631265070303{margin-bottom: 10px !important;}&#8221;][vc_custom_heading text=&#8221;Abuso de sustancias\/adicciones&#8221; font_container=&#8221;tag:h2|font_size:40|text_align:left|line_height:50px&#8221; use_theme_fonts=&#8221;yes&#8221;][vc_column_text css=&#8221;.vc_custom_1631265155803{margin-top: 30px !important;margin-bottom: 30px !important;}&#8221;]El abuso de sustancias puede ser el resultado de sufrir trauma o abuso. Todo el consumo de sustancias, incluso el consumo experimental, pone a los adolescentes en riesgo de sufrir problemas a corto plazo, tales como accidentes, peleas, actividad sexual no deseada y sobredosis.<\/p>\n<p>Se sabe que alrededor del 70% de los adolescentes prueban el alcohol antes de llegar a la secundaria, lo cual pone de manifiesto los graves problemas que tenemos en nuestra sociedad actual con esta realidad. Los consumos ocasionales no deben ser trivializado o ignorado ni mucho menos permitido por los padres.<\/p>\n<p>El alcohol en nuestra sociedad est\u00e1 m\u00e1s aceptado debido a los medios de comunicaci\u00f3n, lo que conlleva a que muchos de estos adolescentes puedan desarrollar un trastorno relacionado con su consumo.<\/p>\n<p>Con el paso del tiempo y de un uso prolongado del alcohol, se produce un da\u00f1o irreversible a nivel cerebral. Esto puede resultar en problemas de comportamiento en el adolescente, da\u00f1ando de manera permanente y sin vuelta atr\u00e1s su memoria, pensamientos, personalidad, capacidad de toma de decisiones y conllevar a un peor rendimiento escolar y mayores conflictos a nivel familiar, personal y social. El da\u00f1o cerebral del adolescente quedar\u00eda afectado en cuanto a la composici\u00f3n de su tejido cerebral y a nivel neuroqu\u00edmico.<\/p>\n<p>En cuanto al consumo de drogas, se conoce que el consumo de cannabis se usa en los chicos de manera m\u00e1s frecuente que en el pasado; los cuales suelen desarrollar m\u00e1s problemas psicol\u00f3gicos relacionados con este abuso de alcohol y cannabis que entre las chicas. Seg\u00fan la FAD, las chicas se emborrachan m\u00e1s entre los 14 y 16 a\u00f1os, y a partir de los 17 la tendencia se invierte y son ellos quienes beben m\u00e1s.<\/p>\n<p>Entre chicas adolescentes es com\u00fan el consumo de sustancias como los hipnosedantes y entre los chicos es m\u00e1s elevado el consumo de coca\u00edna, practica de juegos de azar y psicopatolog\u00eda asociada al juego.<\/p>\n<p>Existen muchas causas por las que los adolescentes consumen, sin embargo, la prevenci\u00f3n debe de iniciarse en casa. Es importante que, como padres, sepamos que no debemos esperar a que exista un problema, sino tratar de prevenirlos, hablando abiertamente y predicar con el ejemplo por parte de los padres desde la infancia y especialmente desde la pre-adolescencia.<\/p>\n<p>El desarrollo de factores protectores como pasar m\u00e1s tiempo con los hijos, establecer mejores relaciones y de m\u00e1s calidad con ellos desde peque\u00f1os; y ense\u00f1arles a crecer con una buena autoestima, confianza en s\u00ed mismos, valores y actitudes positivas hacia la salud, ser\u00e1n fundamentales a la hora de \u201cpreparar\u201d a nuestros hijos a lo que se van a enfrentar una vez inician la adolescencia.<\/p>\n<p>El tratamiento psicol\u00f3gico si se termina dando la adicci\u00f3n o hay sospecha; es un aspecto nuclear en el tratamiento de la adicci\u00f3n al alcohol como para el consumo de drogas, y en base a la informaci\u00f3n que se dispone en la actualidad, y salvo algunas excepciones, las intervenciones psicol\u00f3gicas en conductas adictivas m\u00e1s recomendables se encuentran dentro del marco de la terapia cognitivo-conductual.<\/p>\n<p>Adem\u00e1s, de intervenir con el adolescente, se debe intervenir con la familia para desarrollar estrategias eficaces y remar juntos.[\/vc_column_text][vc_column_text]<a href=\"http:\/\/www.laurarequena.es\/terapias-para-ninos-y-adolescentes\/\">Volver a terapia en ni\u00f1os y adolescentes<\/a>[\/vc_column_text][\/vc_column][\/vc_row]\n","protected":false},"excerpt":{"rendered":"<p>[vc_row type=&#8221;full_width_background&#8221; full_screen_row_position=&#8221;middle&#8221; column_margin=&#8221;default&#8221; column_direction=&#8221;default&#8221; column_direction_tablet=&#8221;default&#8221; column_direction_phone=&#8221;default&#8221; bg_color=&#8221;#333333&#8243; bg_image=&#8221;741&#8243; bg_position=&#8221;center center&#8221; background_image_loading=&#8221;default&#8221; bg_repeat=&#8221;no-repeat&#8221; full_height=&#8221;yes&#8221; scene_position=&#8221;center&#8221; top_padding=&#8221;0&#8243; constrain_group_1=&#8221;yes&#8221; bottom_padding=&#8221;0&#8243; text_color=&#8221;light&#8221; text_align=&#8221;left&#8221; row_border_radius=&#8221;none&#8221; row_border_radius_applies=&#8221;bg&#8221; color_overlay=&#8221;#0a0a0a&#8221; overlay_strength=&#8221;0.3&#8243; gradient_direction=&#8221;left_to_right&#8221; shape_divider_position=&#8221;bottom&#8221; bg_image_animation=&#8221;none&#8221; parallax_bg=&#8221;true&#8221; parallax_bg_speed=&#8221;fast&#8221; shape_type=&#8221;&#8221;][vc_column&#8230;<\/p>\n","protected":false},"author":4,"featured_media":0,"parent":858,"menu_order":0,"comment_status":"closed","ping_status":"closed","template":"","meta":{"_joinchat":[],"footnotes":""},"class_list":["post-811","page","type-page","status-publish"],"yoast_head":"<!-- This site is optimized with the Yoast SEO plugin v27.1.1 - https:\/\/yoast.com\/product\/yoast-seo-wordpress\/ -->\n<title>Terapia para ni\u00f1os y adolescentes por abuso de sustancias\/adicciones.<\/title>\n<meta name=\"description\" content=\"Terapia para ni\u00f1os y adolescentes por abuso de sustancias\/adicciones de Laura Requena, psic\u00f3loga, Vitoria Gasteiz, contacto:658490030.\" \/>\n<meta name=\"robots\" content=\"index, follow, max-snippet:-1, max-image-preview:large, max-video-preview:-1\" \/>\n<link rel=\"canonical\" href=\"https:\/\/www.laurarequena.es\/en\/servicios\/terapias-para-ninos-y-adolescentes\/terapias-para-ninos-y-adolescentes-con-otras-patologias\/terapia-para-ninos-y-adolescentes-por-abuso-de-sustancias-adicciones\/\" \/>\n<meta property=\"og:locale\" content=\"en_US\" \/>\n<meta property=\"og:type\" content=\"article\" \/>\n<meta property=\"og:title\" content=\"Terapia para ni\u00f1os y adolescentes por abuso de sustancias\/adicciones.\" \/>\n<meta property=\"og:description\" content=\"Terapia para ni\u00f1os y adolescentes por abuso de sustancias\/adicciones de Laura Requena, psic\u00f3loga, Vitoria Gasteiz, contacto:658490030.\" \/>\n<meta property=\"og:url\" content=\"https:\/\/www.laurarequena.es\/servicios\/terapias-para-ninos-y-adolescentes\/terapias-para-ninos-y-adolescentes-con-otras-patologias\/terapia-para-ninos-y-adolescentes-por-abuso-de-sustancias-adicciones\/\" \/>\n<meta property=\"og:site_name\" content=\"Laura Requena\" \/>\n<meta property=\"article:modified_time\" content=\"2021-09-21T11:24:16+00:00\" \/>\n<meta name=\"twitter:card\" content=\"summary_large_image\" \/>\n<meta name=\"twitter:label1\" content=\"Est. reading time\" \/>\n\t<meta name=\"twitter:data1\" content=\"4 minutes\" \/>\n<script type=\"application\/ld+json\" class=\"yoast-schema-graph\">{\"@context\":\"https:\/\/schema.org\",\"@graph\":[{\"@type\":\"WebPage\",\"@id\":\"https:\/\/www.laurarequena.es\/servicios\/terapias-para-ninos-y-adolescentes\/terapias-para-ninos-y-adolescentes-con-otras-patologias\/terapia-para-ninos-y-adolescentes-por-abuso-de-sustancias-adicciones\/\",\"url\":\"https:\/\/www.laurarequena.es\/servicios\/terapias-para-ninos-y-adolescentes\/terapias-para-ninos-y-adolescentes-con-otras-patologias\/terapia-para-ninos-y-adolescentes-por-abuso-de-sustancias-adicciones\/\",\"name\":\"Terapia para ni\u00f1os y adolescentes por abuso de sustancias\/adicciones.\",\"isPartOf\":{\"@id\":\"https:\/\/www.laurarequena.es\/#website\"},\"datePublished\":\"2021-09-08T15:57:35+00:00\",\"dateModified\":\"2021-09-21T11:24:16+00:00\",\"description\":\"Terapia para ni\u00f1os y adolescentes por abuso de sustancias\/adicciones de Laura Requena, psic\u00f3loga, Vitoria Gasteiz, contacto:658490030.\",\"breadcrumb\":{\"@id\":\"https:\/\/www.laurarequena.es\/servicios\/terapias-para-ninos-y-adolescentes\/terapias-para-ninos-y-adolescentes-con-otras-patologias\/terapia-para-ninos-y-adolescentes-por-abuso-de-sustancias-adicciones\/#breadcrumb\"},\"inLanguage\":\"en-US\",\"potentialAction\":[{\"@type\":\"ReadAction\",\"target\":[\"https:\/\/www.laurarequena.es\/servicios\/terapias-para-ninos-y-adolescentes\/terapias-para-ninos-y-adolescentes-con-otras-patologias\/terapia-para-ninos-y-adolescentes-por-abuso-de-sustancias-adicciones\/\"]}]},{\"@type\":\"BreadcrumbList\",\"@id\":\"https:\/\/www.laurarequena.es\/servicios\/terapias-para-ninos-y-adolescentes\/terapias-para-ninos-y-adolescentes-con-otras-patologias\/terapia-para-ninos-y-adolescentes-por-abuso-de-sustancias-adicciones\/#breadcrumb\",\"itemListElement\":[{\"@type\":\"ListItem\",\"position\":1,\"name\":\"Portada\",\"item\":\"https:\/\/www.laurarequena.es\/\"},{\"@type\":\"ListItem\",\"position\":2,\"name\":\"Servicios\",\"item\":\"https:\/\/www.laurarequena.es\/servicios\/\"},{\"@type\":\"ListItem\",\"position\":3,\"name\":\"Terapias para ni\u00f1os y adolescentes\",\"item\":\"https:\/\/www.laurarequena.es\/servicios\/terapias-para-ninos-y-adolescentes\/\"},{\"@type\":\"ListItem\",\"position\":4,\"name\":\"Terapias para ni\u00f1os y adolescentes con otras patolog\u00edas\",\"item\":\"https:\/\/www.laurarequena.es\/en\/services\/therapies-for-children-and-adolescents\/terapias-para-ninos-y-adolescentes-con-otras-patologias\/\"},{\"@type\":\"ListItem\",\"position\":5,\"name\":\"Terapia para ni\u00f1os y adolescentes por abuso de sustancias\/adicciones\"}]},{\"@type\":\"WebSite\",\"@id\":\"https:\/\/www.laurarequena.es\/#website\",\"url\":\"https:\/\/www.laurarequena.es\/\",\"name\":\"Laura Requena\",\"description\":\"\",\"publisher\":{\"@id\":\"https:\/\/www.laurarequena.es\/#organization\"},\"potentialAction\":[{\"@type\":\"SearchAction\",\"target\":{\"@type\":\"EntryPoint\",\"urlTemplate\":\"https:\/\/www.laurarequena.es\/?s={search_term_string}\"},\"query-input\":{\"@type\":\"PropertyValueSpecification\",\"valueRequired\":true,\"valueName\":\"search_term_string\"}}],\"inLanguage\":\"en-US\"},{\"@type\":\"Organization\",\"@id\":\"https:\/\/www.laurarequena.es\/#organization\",\"name\":\"Centro de Psicoterapia Laura Requena\",\"url\":\"https:\/\/www.laurarequena.es\/\",\"logo\":{\"@type\":\"ImageObject\",\"inLanguage\":\"en-US\",\"@id\":\"https:\/\/www.laurarequena.es\/#\/schema\/logo\/image\/\",\"url\":\"http:\/\/www.laurarequena.es\/wp-content\/uploads\/navbar-laura-requena-ticmatic.png\",\"contentUrl\":\"http:\/\/www.laurarequena.es\/wp-content\/uploads\/navbar-laura-requena-ticmatic.png\",\"width\":1780,\"height\":443,\"caption\":\"Centro de Psicoterapia Laura Requena\"},\"image\":{\"@id\":\"https:\/\/www.laurarequena.es\/#\/schema\/logo\/image\/\"}}]}<\/script>\n<!-- \/ Yoast SEO plugin. -->","yoast_head_json":{"title":"Terapia para ni\u00f1os y adolescentes por abuso de sustancias\/adicciones.","description":"Terapia para ni\u00f1os y adolescentes por abuso de sustancias\/adicciones de Laura Requena, psic\u00f3loga, Vitoria Gasteiz, contacto:658490030.","robots":{"index":"index","follow":"follow","max-snippet":"max-snippet:-1","max-image-preview":"max-image-preview:large","max-video-preview":"max-video-preview:-1"},"canonical":"https:\/\/www.laurarequena.es\/en\/servicios\/terapias-para-ninos-y-adolescentes\/terapias-para-ninos-y-adolescentes-con-otras-patologias\/terapia-para-ninos-y-adolescentes-por-abuso-de-sustancias-adicciones\/","og_locale":"en_US","og_type":"article","og_title":"Terapia para ni\u00f1os y adolescentes por abuso de sustancias\/adicciones.","og_description":"Terapia para ni\u00f1os y adolescentes por abuso de sustancias\/adicciones de Laura Requena, psic\u00f3loga, Vitoria Gasteiz, contacto:658490030.","og_url":"https:\/\/www.laurarequena.es\/servicios\/terapias-para-ninos-y-adolescentes\/terapias-para-ninos-y-adolescentes-con-otras-patologias\/terapia-para-ninos-y-adolescentes-por-abuso-de-sustancias-adicciones\/","og_site_name":"Laura Requena","article_modified_time":"2021-09-21T11:24:16+00:00","twitter_card":"summary_large_image","twitter_misc":{"Est. reading time":"4 minutes"},"schema":{"@context":"https:\/\/schema.org","@graph":[{"@type":"WebPage","@id":"https:\/\/www.laurarequena.es\/servicios\/terapias-para-ninos-y-adolescentes\/terapias-para-ninos-y-adolescentes-con-otras-patologias\/terapia-para-ninos-y-adolescentes-por-abuso-de-sustancias-adicciones\/","url":"https:\/\/www.laurarequena.es\/servicios\/terapias-para-ninos-y-adolescentes\/terapias-para-ninos-y-adolescentes-con-otras-patologias\/terapia-para-ninos-y-adolescentes-por-abuso-de-sustancias-adicciones\/","name":"Terapia para ni\u00f1os y adolescentes por abuso de sustancias\/adicciones.","isPartOf":{"@id":"https:\/\/www.laurarequena.es\/#website"},"datePublished":"2021-09-08T15:57:35+00:00","dateModified":"2021-09-21T11:24:16+00:00","description":"Terapia para ni\u00f1os y adolescentes por abuso de sustancias\/adicciones de Laura Requena, psic\u00f3loga, Vitoria Gasteiz, contacto:658490030.","breadcrumb":{"@id":"https:\/\/www.laurarequena.es\/servicios\/terapias-para-ninos-y-adolescentes\/terapias-para-ninos-y-adolescentes-con-otras-patologias\/terapia-para-ninos-y-adolescentes-por-abuso-de-sustancias-adicciones\/#breadcrumb"},"inLanguage":"en-US","potentialAction":[{"@type":"ReadAction","target":["https:\/\/www.laurarequena.es\/servicios\/terapias-para-ninos-y-adolescentes\/terapias-para-ninos-y-adolescentes-con-otras-patologias\/terapia-para-ninos-y-adolescentes-por-abuso-de-sustancias-adicciones\/"]}]},{"@type":"BreadcrumbList","@id":"https:\/\/www.laurarequena.es\/servicios\/terapias-para-ninos-y-adolescentes\/terapias-para-ninos-y-adolescentes-con-otras-patologias\/terapia-para-ninos-y-adolescentes-por-abuso-de-sustancias-adicciones\/#breadcrumb","itemListElement":[{"@type":"ListItem","position":1,"name":"Portada","item":"https:\/\/www.laurarequena.es\/"},{"@type":"ListItem","position":2,"name":"Servicios","item":"https:\/\/www.laurarequena.es\/servicios\/"},{"@type":"ListItem","position":3,"name":"Terapias para ni\u00f1os y adolescentes","item":"https:\/\/www.laurarequena.es\/servicios\/terapias-para-ninos-y-adolescentes\/"},{"@type":"ListItem","position":4,"name":"Terapias para ni\u00f1os y adolescentes con otras patolog\u00edas","item":"https:\/\/www.laurarequena.es\/en\/services\/therapies-for-children-and-adolescents\/terapias-para-ninos-y-adolescentes-con-otras-patologias\/"},{"@type":"ListItem","position":5,"name":"Terapia para ni\u00f1os y adolescentes por abuso de sustancias\/adicciones"}]},{"@type":"WebSite","@id":"https:\/\/www.laurarequena.es\/#website","url":"https:\/\/www.laurarequena.es\/","name":"Laura Requena","description":"","publisher":{"@id":"https:\/\/www.laurarequena.es\/#organization"},"potentialAction":[{"@type":"SearchAction","target":{"@type":"EntryPoint","urlTemplate":"https:\/\/www.laurarequena.es\/?s={search_term_string}"},"query-input":{"@type":"PropertyValueSpecification","valueRequired":true,"valueName":"search_term_string"}}],"inLanguage":"en-US"},{"@type":"Organization","@id":"https:\/\/www.laurarequena.es\/#organization","name":"Centro de Psicoterapia Laura Requena","url":"https:\/\/www.laurarequena.es\/","logo":{"@type":"ImageObject","inLanguage":"en-US","@id":"https:\/\/www.laurarequena.es\/#\/schema\/logo\/image\/","url":"http:\/\/www.laurarequena.es\/wp-content\/uploads\/navbar-laura-requena-ticmatic.png","contentUrl":"http:\/\/www.laurarequena.es\/wp-content\/uploads\/navbar-laura-requena-ticmatic.png","width":1780,"height":443,"caption":"Centro de Psicoterapia Laura Requena"},"image":{"@id":"https:\/\/www.laurarequena.es\/#\/schema\/logo\/image\/"}}]}},"_links":{"self":[{"href":"https:\/\/www.laurarequena.es\/en\/wp-json\/wp\/v2\/pages\/811","targetHints":{"allow":["GET"]}}],"collection":[{"href":"https:\/\/www.laurarequena.es\/en\/wp-json\/wp\/v2\/pages"}],"about":[{"href":"https:\/\/www.laurarequena.es\/en\/wp-json\/wp\/v2\/types\/page"}],"author":[{"embeddable":true,"href":"https:\/\/www.laurarequena.es\/en\/wp-json\/wp\/v2\/users\/4"}],"replies":[{"embeddable":true,"href":"https:\/\/www.laurarequena.es\/en\/wp-json\/wp\/v2\/comments?post=811"}],"version-history":[{"count":2,"href":"https:\/\/www.laurarequena.es\/en\/wp-json\/wp\/v2\/pages\/811\/revisions"}],"predecessor-version":[{"id":1014,"href":"https:\/\/www.laurarequena.es\/en\/wp-json\/wp\/v2\/pages\/811\/revisions\/1014"}],"up":[{"embeddable":true,"href":"https:\/\/www.laurarequena.es\/en\/wp-json\/wp\/v2\/pages\/858"}],"wp:attachment":[{"href":"https:\/\/www.laurarequena.es\/en\/wp-json\/wp\/v2\/media?parent=811"}],"curies":[{"name":"wp","href":"https:\/\/api.w.org\/{rel}","templated":true}]}}