{"id":510,"date":"2021-09-03T13:12:41","date_gmt":"2021-09-03T11:12:41","guid":{"rendered":"https:\/\/laura.ticmatic.es\/?page_id=510"},"modified":"2021-09-10T11:33:58","modified_gmt":"2021-09-10T09:33:58","slug":"terapia-con-timidez-social-y-amorosa","status":"publish","type":"page","link":"https:\/\/www.laurarequena.es\/en\/servicios\/terapias-para-adultos\/terapia-para-adultos-con-otras-patologias\/terapia-con-timidez-social-y-amorosa\/","title":{"rendered":"Terapia para adultos con timidez (social y amorosa)"},"content":{"rendered":"[vc_row type=&#8221;full_width_background&#8221; full_screen_row_position=&#8221;middle&#8221; column_margin=&#8221;default&#8221; column_direction=&#8221;default&#8221; column_direction_tablet=&#8221;default&#8221; column_direction_phone=&#8221;default&#8221; bg_color=&#8221;#333333&#8243; bg_image=&#8221;1034&#8243; bg_position=&#8221;center center&#8221; background_image_loading=&#8221;default&#8221; bg_repeat=&#8221;no-repeat&#8221; full_height=&#8221;yes&#8221; scene_position=&#8221;center&#8221; top_padding=&#8221;0&#8243; constrain_group_1=&#8221;yes&#8221; bottom_padding=&#8221;0&#8243; text_color=&#8221;light&#8221; text_align=&#8221;left&#8221; row_border_radius=&#8221;none&#8221; row_border_radius_applies=&#8221;bg&#8221; color_overlay=&#8221;#0a0a0a&#8221; overlay_strength=&#8221;0.3&#8243; gradient_direction=&#8221;left_to_right&#8221; shape_divider_position=&#8221;bottom&#8221; bg_image_animation=&#8221;none&#8221; parallax_bg=&#8221;true&#8221; parallax_bg_speed=&#8221;fast&#8221; shape_type=&#8221;&#8221;][vc_column column_padding=&#8221;no-extra-padding&#8221; column_padding_tablet=&#8221;inherit&#8221; column_padding_phone=&#8221;inherit&#8221; column_padding_position=&#8221;all&#8221; column_element_spacing=&#8221;default&#8221; background_color_opacity=&#8221;1&#8243; background_hover_color_opacity=&#8221;1&#8243; column_shadow=&#8221;none&#8221; column_border_radius=&#8221;none&#8221; column_link_target=&#8221;_self&#8221; gradient_direction=&#8221;left_to_right&#8221; overlay_strength=&#8221;0.3&#8243; width=&#8221;1\/1&#8243; tablet_width_inherit=&#8221;default&#8221; tablet_text_alignment=&#8221;default&#8221; phone_text_alignment=&#8221;default&#8221; bg_image_animation=&#8221;none&#8221; border_type=&#8221;simple&#8221; column_border_width=&#8221;none&#8221; column_border_style=&#8221;solid&#8221;][vc_row_inner column_margin=&#8221;default&#8221; column_direction=&#8221;default&#8221; column_direction_tablet=&#8221;default&#8221; column_direction_phone=&#8221;default&#8221; text_align=&#8221;left&#8221;][vc_column_inner column_padding=&#8221;no-extra-padding&#8221; column_padding_tablet=&#8221;inherit&#8221; column_padding_phone=&#8221;inherit&#8221; column_padding_position=&#8221;all&#8221; column_element_spacing=&#8221;default&#8221; background_color_opacity=&#8221;1&#8243; background_hover_color_opacity=&#8221;1&#8243; column_shadow=&#8221;none&#8221; column_border_radius=&#8221;none&#8221; column_link_target=&#8221;_self&#8221; gradient_direction=&#8221;left_to_right&#8221; overlay_strength=&#8221;0.3&#8243; width=&#8221;1\/6&#8243; tablet_width_inherit=&#8221;default&#8221; bg_image_animation=&#8221;none&#8221; enable_animation=&#8221;true&#8221; animation=&#8221;fade-in-from-bottom&#8221; border_type=&#8221;simple&#8221; column_border_width=&#8221;none&#8221; column_border_style=&#8221;solid&#8221;][\/vc_column_inner][vc_column_inner column_padding=&#8221;no-extra-padding&#8221; column_padding_tablet=&#8221;inherit&#8221; column_padding_phone=&#8221;inherit&#8221; column_padding_position=&#8221;all&#8221; column_element_spacing=&#8221;default&#8221; centered_text=&#8221;true&#8221; background_color_opacity=&#8221;1&#8243; background_hover_color_opacity=&#8221;1&#8243; column_shadow=&#8221;none&#8221; column_border_radius=&#8221;none&#8221; column_link_target=&#8221;_self&#8221; gradient_direction=&#8221;left_to_right&#8221; overlay_strength=&#8221;0.3&#8243; width=&#8221;2\/3&#8243; tablet_width_inherit=&#8221;default&#8221; bg_image_animation=&#8221;none&#8221; enable_animation=&#8221;true&#8221; animation=&#8221;fade-in-from-bottom&#8221; border_type=&#8221;simple&#8221; column_border_width=&#8221;none&#8221; column_border_style=&#8221;solid&#8221;][vc_column_text css_animation=&#8221;none&#8221; css=&#8221;.vc_custom_1631266436812{margin-bottom: 15px !important;}&#8221;]\n<h1>Terapia para adultos con timidez (social y amorosa)<\/h1>\n[\/vc_column_text][\/vc_column_inner][vc_column_inner column_padding=&#8221;no-extra-padding&#8221; column_padding_tablet=&#8221;inherit&#8221; column_padding_phone=&#8221;inherit&#8221; column_padding_position=&#8221;all&#8221; column_element_spacing=&#8221;default&#8221; background_color_opacity=&#8221;1&#8243; background_hover_color_opacity=&#8221;1&#8243; column_shadow=&#8221;none&#8221; column_border_radius=&#8221;none&#8221; column_link_target=&#8221;_self&#8221; gradient_direction=&#8221;left_to_right&#8221; overlay_strength=&#8221;0.3&#8243; width=&#8221;1\/6&#8243; tablet_width_inherit=&#8221;default&#8221; bg_image_animation=&#8221;none&#8221; border_type=&#8221;simple&#8221; column_border_width=&#8221;none&#8221; column_border_style=&#8221;solid&#8221;][\/vc_column_inner][\/vc_row_inner][\/vc_column][\/vc_row][vc_row type=&#8221;full_width_content&#8221; full_screen_row_position=&#8221;middle&#8221; column_margin=&#8221;default&#8221; equal_height=&#8221;yes&#8221; content_placement=&#8221;middle&#8221; column_direction=&#8221;default&#8221; column_direction_tablet=&#8221;default&#8221; column_direction_phone=&#8221;default&#8221; bg_color=&#8221;#141414&#8243; full_height=&#8221;yes&#8221; columns_placement=&#8221;stretch&#8221; scene_position=&#8221;center&#8221; text_color=&#8221;light&#8221; text_align=&#8221;left&#8221; row_border_radius=&#8221;none&#8221; row_border_radius_applies=&#8221;bg&#8221; overlay_strength=&#8221;0.3&#8243; gradient_direction=&#8221;left_to_right&#8221; shape_divider_position=&#8221;bottom&#8221; bg_image_animation=&#8221;none&#8221; shape_type=&#8221;&#8221;][vc_column column_padding=&#8221;padding-10-percent&#8221; column_padding_tablet=&#8221;inherit&#8221; column_padding_phone=&#8221;inherit&#8221; column_padding_position=&#8221;all&#8221; column_element_spacing=&#8221;default&#8221; background_color_opacity=&#8221;1&#8243; background_hover_color_opacity=&#8221;1&#8243; column_shadow=&#8221;none&#8221; column_border_radius=&#8221;none&#8221; column_link_target=&#8221;_self&#8221; gradient_direction=&#8221;left_to_right&#8221; overlay_strength=&#8221;0.3&#8243; width=&#8221;1\/1&#8243; tablet_width_inherit=&#8221;default&#8221; tablet_text_alignment=&#8221;default&#8221; phone_text_alignment=&#8221;default&#8221; bg_image_animation=&#8221;none&#8221; border_type=&#8221;simple&#8221; column_border_width=&#8221;none&#8221; column_border_style=&#8221;solid&#8221;][vc_row_inner column_margin=&#8221;default&#8221; column_direction=&#8221;default&#8221; column_direction_tablet=&#8221;default&#8221; column_direction_phone=&#8221;default&#8221; text_align=&#8221;left&#8221;][vc_column_inner column_padding=&#8221;no-extra-padding&#8221; column_padding_tablet=&#8221;inherit&#8221; column_padding_phone=&#8221;inherit&#8221; column_padding_position=&#8221;all&#8221; column_element_spacing=&#8221;default&#8221; background_color_opacity=&#8221;1&#8243; background_hover_color_opacity=&#8221;1&#8243; column_shadow=&#8221;none&#8221; column_border_radius=&#8221;none&#8221; column_link_target=&#8221;_self&#8221; gradient_direction=&#8221;left_to_right&#8221; overlay_strength=&#8221;0.3&#8243; width=&#8221;1\/1&#8243; tablet_width_inherit=&#8221;default&#8221; bg_image_animation=&#8221;none&#8221; enable_animation=&#8221;true&#8221; animation=&#8221;fade-in-from-bottom&#8221; border_type=&#8221;simple&#8221; column_border_width=&#8221;none&#8221; column_border_style=&#8221;solid&#8221;][vc_custom_heading text=&#8221;Terapia para adultos&#8221; font_container=&#8221;tag:h5|text_align:left|color:%23bfbfbf&#8221; use_theme_fonts=&#8221;yes&#8221; css=&#8221;.vc_custom_1631033700992{margin-bottom: 10px !important;}&#8221;][\/vc_column_inner][\/vc_row_inner][vc_row_inner column_margin=&#8221;default&#8221; column_direction=&#8221;default&#8221; column_direction_tablet=&#8221;default&#8221; column_direction_phone=&#8221;default&#8221; text_align=&#8221;left&#8221;][vc_column_inner column_padding=&#8221;no-extra-padding&#8221; column_padding_tablet=&#8221;inherit&#8221; column_padding_phone=&#8221;inherit&#8221; column_padding_position=&#8221;all&#8221; column_element_spacing=&#8221;default&#8221; background_color_opacity=&#8221;1&#8243; background_hover_color_opacity=&#8221;1&#8243; column_shadow=&#8221;none&#8221; column_border_radius=&#8221;none&#8221; column_link_target=&#8221;_self&#8221; gradient_direction=&#8221;left_to_right&#8221; overlay_strength=&#8221;0.3&#8243; width=&#8221;1\/1&#8243; tablet_width_inherit=&#8221;default&#8221; bg_image_animation=&#8221;none&#8221; enable_animation=&#8221;true&#8221; animation=&#8221;fade-in-from-bottom&#8221; border_type=&#8221;simple&#8221; column_border_width=&#8221;none&#8221; column_border_style=&#8221;solid&#8221; delay=&#8221;100&#8243;][vc_custom_heading text=&#8221;Timidez (social y amorosa)&#8221; font_container=&#8221;tag:h2|font_size:40|text_align:left|line_height:50px&#8221; use_theme_fonts=&#8221;yes&#8221;][\/vc_column_inner][\/vc_row_inner][vc_row_inner column_margin=&#8221;default&#8221; column_direction=&#8221;default&#8221; column_direction_tablet=&#8221;default&#8221; column_direction_phone=&#8221;default&#8221; text_align=&#8221;left&#8221;][vc_column_inner column_padding=&#8221;no-extra-padding&#8221; column_padding_tablet=&#8221;inherit&#8221; column_padding_phone=&#8221;inherit&#8221; column_padding_position=&#8221;all&#8221; column_element_spacing=&#8221;default&#8221; background_color_opacity=&#8221;1&#8243; background_hover_color_opacity=&#8221;1&#8243; column_shadow=&#8221;none&#8221; column_border_radius=&#8221;none&#8221; column_link_target=&#8221;_self&#8221; gradient_direction=&#8221;left_to_right&#8221; overlay_strength=&#8221;0.3&#8243; width=&#8221;1\/1&#8243; tablet_width_inherit=&#8221;default&#8221; bg_image_animation=&#8221;none&#8221; enable_animation=&#8221;true&#8221; animation=&#8221;fade-in-from-bottom&#8221; border_type=&#8221;simple&#8221; column_border_width=&#8221;none&#8221; column_border_style=&#8221;solid&#8221; delay=&#8221;200&#8243;][vc_column_text css=&#8221;.vc_custom_1631266271200{margin-top: 30px !important;margin-bottom: 30px !important;}&#8221;]La timidez es un rasgo de personalidad que puede afectar a las relaciones personales, limitando el desarrollo social en la vida cotidiana.<\/p>\n<p>La persona t\u00edmida no sabe lo que debe hacer en situaciones sociales y no se atreve a hacer nada en muchos casos.<\/p>\n<p>No es una enfermedad como tal, aunque influye en el comportamiento, condicionando la vida de esa persona en cuanto a c\u00f3mo se relaciona en el mundo, bloqueando su rendimiento social y afectado a su vida emocional, laboral y personal.<\/p>\n<p>Existen dos tipos de timidez que es la normal a ciertas edades y la que se puede considerar patol\u00f3gica, ya que impide a la persona que se relacione con normalidad y esto puede llegar a hacerse cr\u00f3nico, dificultando la calidad de vida de ese individuo.<\/p>\n<p>Tienen caracter\u00edsticas comunes en cuanto a tener dificultades en la relaci\u00f3n social, dar una impresi\u00f3n de ser poco sociable, retra\u00eddo emocionalmente y poco afectivo; presentan temor persistente en situaciones sociales o en p\u00fablico y suelen ser r\u00edgidos emocionalmente, presentando conductas sociales poco adaptadas a la situaci\u00f3n en la que se encuentran.<\/p>\n<p>Adem\u00e1s, pueden sufrir temblores, sudoraci\u00f3n, tartamudeo entre otros, lo que les bloquea emocionalmente e incapacita o bien les genera reaccionar de manera agresiva como mecanismo compensatorio a no poder dar una respuesta adaptativa y adecuada a esa situaci\u00f3n social.<\/p>\n<p>No debe confundirse con fobia social ya que la fobia social se corresponde con una intensidad de peligro desmesurado e irracional como si fuera la timidez en su grado m\u00e1s extremo.<\/p>\n<p>Las causas de la timidez son variadas tales como variables gen\u00e9ticas determinadas dentro del temperamento o patrones de conducta; tener un apego inseguro desde la infancia al no haber logrado v\u00ednculos afectivos saludables con sus progenitores; experiencias traum\u00e1ticas como haber sido humillado de manera continuada entre otras.<\/p>\n<p>Los problemas de autoestima tambi\u00e9n est\u00e1n asociados a la timidez al haber recibido cr\u00edticas frecuentes y desarrollar como consecuencia un concepto de s\u00ed mismo inadecuado, generando sentimientos de culpa y de no sentirse v\u00e1lido ni suficientemente bueno.S\u00edntomas comunes de la timidez social:<\/p>\n<p>Preocupaci\u00f3n excesiva por la posibilidad de convertirse en el centro de la atenci\u00f3n de un grupo de personas.<\/p>\n<p>Miedo a que alguien observe lo que est\u00e1 haciendo.<\/p>\n<ul>\n<li>Aversi\u00f3n a realizar gestiones o incluso a hacer llamadas telef\u00f3nicas.<\/li>\n<li>Dificultades para emprender una reclamaci\u00f3n, aunque tenga la raz\u00f3n y el derecho.<\/li>\n<li>Miedo a hablar o realizar presentaciones en p\u00fablico.<\/li>\n<li>Tendencia a rehuir los espacios donde haya mucha gente.<\/li>\n<li>Miedo a que sus intervenciones parezcan rid\u00edculas o inadecuadas.<\/li>\n<li>Temor a quedarse en blanco, a tartamudear o a sonrojarse delante de los dem\u00e1s.<\/li>\n<\/ul>\n<p>S\u00edntomas comunes de la timidez amorosa:<\/p>\n<ul>\n<li>Falta de asertividad en las situaciones informales que involucran a personas que podr\u00edan convertirse en una pareja rom\u00e1ntica o sexual.<\/li>\n<li>Ansiedad anticipatoria, provocada por el deseo de agradar a la otra persona.<\/li>\n<li>Dificultades para iniciar y mantener una conversaci\u00f3n con la persona que le atrae.<\/li>\n<li>Miedo a estar solo con la otra persona en situaciones que puedan conllevar a un acercamiento amoroso.<\/li>\n<li>Desasosiego y angustia, ya que en realidad la persona desea un acercamiento amoroso pero su timidez se lo impide.<\/li>\n<\/ul>\n<p>El tratamiento eficaz a seguir son los entrenamientos en habilidades sociales y asertividad, entrenamiento de autoafirmaci\u00f3n.[\/vc_column_text][\/vc_column_inner][\/vc_row_inner][vc_column_text]<a href=\"http:\/\/www.laurarequena.es\/terapias-para-adultos\/\">Volver a terapia para adultos<\/a>[\/vc_column_text][\/vc_column][\/vc_row]\n","protected":false},"excerpt":{"rendered":"<p>[vc_row type=&#8221;full_width_background&#8221; full_screen_row_position=&#8221;middle&#8221; column_margin=&#8221;default&#8221; column_direction=&#8221;default&#8221; column_direction_tablet=&#8221;default&#8221; column_direction_phone=&#8221;default&#8221; bg_color=&#8221;#333333&#8243; bg_image=&#8221;1034&#8243; bg_position=&#8221;center center&#8221; background_image_loading=&#8221;default&#8221; bg_repeat=&#8221;no-repeat&#8221; full_height=&#8221;yes&#8221; scene_position=&#8221;center&#8221; top_padding=&#8221;0&#8243; constrain_group_1=&#8221;yes&#8221; bottom_padding=&#8221;0&#8243; text_color=&#8221;light&#8221; text_align=&#8221;left&#8221; row_border_radius=&#8221;none&#8221; row_border_radius_applies=&#8221;bg&#8221; color_overlay=&#8221;#0a0a0a&#8221; overlay_strength=&#8221;0.3&#8243; gradient_direction=&#8221;left_to_right&#8221; shape_divider_position=&#8221;bottom&#8221; bg_image_animation=&#8221;none&#8221; parallax_bg=&#8221;true&#8221; parallax_bg_speed=&#8221;fast&#8221; shape_type=&#8221;&#8221;][vc_column&#8230;<\/p>\n","protected":false},"author":4,"featured_media":0,"parent":695,"menu_order":0,"comment_status":"closed","ping_status":"closed","template":"","meta":{"_joinchat":[],"footnotes":""},"class_list":["post-510","page","type-page","status-publish"],"yoast_head":"<!-- This site is optimized with the Yoast SEO plugin v27.1.1 - https:\/\/yoast.com\/product\/yoast-seo-wordpress\/ -->\n<title>Terapia para adultos con timidez (social y amorosa) - Laura Requena<\/title>\n<meta name=\"robots\" content=\"index, follow, max-snippet:-1, max-image-preview:large, max-video-preview:-1\" \/>\n<link rel=\"canonical\" href=\"https:\/\/www.laurarequena.es\/en\/servicios\/terapias-para-adultos\/terapia-para-adultos-con-otras-patologias\/terapia-con-timidez-social-y-amorosa\/\" \/>\n<meta property=\"og:locale\" content=\"en_US\" \/>\n<meta property=\"og:type\" content=\"article\" \/>\n<meta property=\"og:title\" content=\"Terapia para adultos con timidez (social y amorosa) - Laura Requena\" \/>\n<meta property=\"og:description\" content=\"[vc_row type=&#8221;full_width_background&#8221; full_screen_row_position=&#8221;middle&#8221; column_margin=&#8221;default&#8221; column_direction=&#8221;default&#8221; column_direction_tablet=&#8221;default&#8221; column_direction_phone=&#8221;default&#8221; bg_color=&#8221;#333333&#8243; bg_image=&#8221;1034&#8243; bg_position=&#8221;center center&#8221; background_image_loading=&#8221;default&#8221; bg_repeat=&#8221;no-repeat&#8221; full_height=&#8221;yes&#8221; scene_position=&#8221;center&#8221; top_padding=&#8221;0&#8243; constrain_group_1=&#8221;yes&#8221; bottom_padding=&#8221;0&#8243; text_color=&#8221;light&#8221; text_align=&#8221;left&#8221; row_border_radius=&#8221;none&#8221; row_border_radius_applies=&#8221;bg&#8221; color_overlay=&#8221;#0a0a0a&#8221; overlay_strength=&#8221;0.3&#8243; gradient_direction=&#8221;left_to_right&#8221; shape_divider_position=&#8221;bottom&#8221; bg_image_animation=&#8221;none&#8221; parallax_bg=&#8221;true&#8221; parallax_bg_speed=&#8221;fast&#8221; shape_type=&#8221;&#8221;][vc_column...\" \/>\n<meta property=\"og:url\" content=\"https:\/\/www.laurarequena.es\/servicios\/terapias-para-adultos\/terapia-para-adultos-con-otras-patologias\/terapia-con-timidez-social-y-amorosa\/\" \/>\n<meta property=\"og:site_name\" content=\"Laura Requena\" \/>\n<meta property=\"article:modified_time\" content=\"2021-09-10T09:33:58+00:00\" \/>\n<meta name=\"twitter:card\" content=\"summary_large_image\" \/>\n<meta name=\"twitter:label1\" content=\"Est. reading time\" \/>\n\t<meta name=\"twitter:data1\" content=\"4 minutes\" \/>\n<script type=\"application\/ld+json\" class=\"yoast-schema-graph\">{\"@context\":\"https:\/\/schema.org\",\"@graph\":[{\"@type\":\"WebPage\",\"@id\":\"https:\/\/www.laurarequena.es\/servicios\/terapias-para-adultos\/terapia-para-adultos-con-otras-patologias\/terapia-con-timidez-social-y-amorosa\/\",\"url\":\"https:\/\/www.laurarequena.es\/servicios\/terapias-para-adultos\/terapia-para-adultos-con-otras-patologias\/terapia-con-timidez-social-y-amorosa\/\",\"name\":\"Terapia para adultos con timidez (social y amorosa) - Laura Requena\",\"isPartOf\":{\"@id\":\"https:\/\/www.laurarequena.es\/#website\"},\"datePublished\":\"2021-09-03T11:12:41+00:00\",\"dateModified\":\"2021-09-10T09:33:58+00:00\",\"breadcrumb\":{\"@id\":\"https:\/\/www.laurarequena.es\/servicios\/terapias-para-adultos\/terapia-para-adultos-con-otras-patologias\/terapia-con-timidez-social-y-amorosa\/#breadcrumb\"},\"inLanguage\":\"en-US\",\"potentialAction\":[{\"@type\":\"ReadAction\",\"target\":[\"https:\/\/www.laurarequena.es\/servicios\/terapias-para-adultos\/terapia-para-adultos-con-otras-patologias\/terapia-con-timidez-social-y-amorosa\/\"]}]},{\"@type\":\"BreadcrumbList\",\"@id\":\"https:\/\/www.laurarequena.es\/servicios\/terapias-para-adultos\/terapia-para-adultos-con-otras-patologias\/terapia-con-timidez-social-y-amorosa\/#breadcrumb\",\"itemListElement\":[{\"@type\":\"ListItem\",\"position\":1,\"name\":\"Portada\",\"item\":\"https:\/\/www.laurarequena.es\/\"},{\"@type\":\"ListItem\",\"position\":2,\"name\":\"Servicios\",\"item\":\"https:\/\/www.laurarequena.es\/servicios\/\"},{\"@type\":\"ListItem\",\"position\":3,\"name\":\"Terapias para adultos\",\"item\":\"https:\/\/www.laurarequena.es\/servicios\/terapias-para-adultos\/\"},{\"@type\":\"ListItem\",\"position\":4,\"name\":\"Terapia para adultos con otras patolog\u00edas\",\"item\":\"https:\/\/www.laurarequena.es\/servicios\/terapias-para-adultos\/terapia-para-adultos-con-otras-patologias\/\"},{\"@type\":\"ListItem\",\"position\":5,\"name\":\"Terapia para adultos con timidez (social y amorosa)\"}]},{\"@type\":\"WebSite\",\"@id\":\"https:\/\/www.laurarequena.es\/#website\",\"url\":\"https:\/\/www.laurarequena.es\/\",\"name\":\"Laura Requena\",\"description\":\"\",\"publisher\":{\"@id\":\"https:\/\/www.laurarequena.es\/#organization\"},\"potentialAction\":[{\"@type\":\"SearchAction\",\"target\":{\"@type\":\"EntryPoint\",\"urlTemplate\":\"https:\/\/www.laurarequena.es\/?s={search_term_string}\"},\"query-input\":{\"@type\":\"PropertyValueSpecification\",\"valueRequired\":true,\"valueName\":\"search_term_string\"}}],\"inLanguage\":\"en-US\"},{\"@type\":\"Organization\",\"@id\":\"https:\/\/www.laurarequena.es\/#organization\",\"name\":\"Centro de Psicoterapia Laura Requena\",\"url\":\"https:\/\/www.laurarequena.es\/\",\"logo\":{\"@type\":\"ImageObject\",\"inLanguage\":\"en-US\",\"@id\":\"https:\/\/www.laurarequena.es\/#\/schema\/logo\/image\/\",\"url\":\"http:\/\/www.laurarequena.es\/wp-content\/uploads\/navbar-laura-requena-ticmatic.png\",\"contentUrl\":\"http:\/\/www.laurarequena.es\/wp-content\/uploads\/navbar-laura-requena-ticmatic.png\",\"width\":1780,\"height\":443,\"caption\":\"Centro de Psicoterapia Laura Requena\"},\"image\":{\"@id\":\"https:\/\/www.laurarequena.es\/#\/schema\/logo\/image\/\"}}]}<\/script>\n<!-- \/ Yoast SEO plugin. -->","yoast_head_json":{"title":"Terapia para adultos con timidez (social y amorosa) - Laura Requena","robots":{"index":"index","follow":"follow","max-snippet":"max-snippet:-1","max-image-preview":"max-image-preview:large","max-video-preview":"max-video-preview:-1"},"canonical":"https:\/\/www.laurarequena.es\/en\/servicios\/terapias-para-adultos\/terapia-para-adultos-con-otras-patologias\/terapia-con-timidez-social-y-amorosa\/","og_locale":"en_US","og_type":"article","og_title":"Terapia para adultos con timidez (social y amorosa) - Laura Requena","og_description":"[vc_row type=&#8221;full_width_background&#8221; full_screen_row_position=&#8221;middle&#8221; column_margin=&#8221;default&#8221; column_direction=&#8221;default&#8221; column_direction_tablet=&#8221;default&#8221; column_direction_phone=&#8221;default&#8221; bg_color=&#8221;#333333&#8243; bg_image=&#8221;1034&#8243; bg_position=&#8221;center center&#8221; background_image_loading=&#8221;default&#8221; bg_repeat=&#8221;no-repeat&#8221; full_height=&#8221;yes&#8221; scene_position=&#8221;center&#8221; top_padding=&#8221;0&#8243; constrain_group_1=&#8221;yes&#8221; bottom_padding=&#8221;0&#8243; text_color=&#8221;light&#8221; text_align=&#8221;left&#8221; row_border_radius=&#8221;none&#8221; row_border_radius_applies=&#8221;bg&#8221; color_overlay=&#8221;#0a0a0a&#8221; overlay_strength=&#8221;0.3&#8243; gradient_direction=&#8221;left_to_right&#8221; shape_divider_position=&#8221;bottom&#8221; bg_image_animation=&#8221;none&#8221; parallax_bg=&#8221;true&#8221; parallax_bg_speed=&#8221;fast&#8221; shape_type=&#8221;&#8221;][vc_column...","og_url":"https:\/\/www.laurarequena.es\/servicios\/terapias-para-adultos\/terapia-para-adultos-con-otras-patologias\/terapia-con-timidez-social-y-amorosa\/","og_site_name":"Laura Requena","article_modified_time":"2021-09-10T09:33:58+00:00","twitter_card":"summary_large_image","twitter_misc":{"Est. reading time":"4 minutes"},"schema":{"@context":"https:\/\/schema.org","@graph":[{"@type":"WebPage","@id":"https:\/\/www.laurarequena.es\/servicios\/terapias-para-adultos\/terapia-para-adultos-con-otras-patologias\/terapia-con-timidez-social-y-amorosa\/","url":"https:\/\/www.laurarequena.es\/servicios\/terapias-para-adultos\/terapia-para-adultos-con-otras-patologias\/terapia-con-timidez-social-y-amorosa\/","name":"Terapia para adultos con timidez (social y amorosa) - Laura Requena","isPartOf":{"@id":"https:\/\/www.laurarequena.es\/#website"},"datePublished":"2021-09-03T11:12:41+00:00","dateModified":"2021-09-10T09:33:58+00:00","breadcrumb":{"@id":"https:\/\/www.laurarequena.es\/servicios\/terapias-para-adultos\/terapia-para-adultos-con-otras-patologias\/terapia-con-timidez-social-y-amorosa\/#breadcrumb"},"inLanguage":"en-US","potentialAction":[{"@type":"ReadAction","target":["https:\/\/www.laurarequena.es\/servicios\/terapias-para-adultos\/terapia-para-adultos-con-otras-patologias\/terapia-con-timidez-social-y-amorosa\/"]}]},{"@type":"BreadcrumbList","@id":"https:\/\/www.laurarequena.es\/servicios\/terapias-para-adultos\/terapia-para-adultos-con-otras-patologias\/terapia-con-timidez-social-y-amorosa\/#breadcrumb","itemListElement":[{"@type":"ListItem","position":1,"name":"Portada","item":"https:\/\/www.laurarequena.es\/"},{"@type":"ListItem","position":2,"name":"Servicios","item":"https:\/\/www.laurarequena.es\/servicios\/"},{"@type":"ListItem","position":3,"name":"Terapias para adultos","item":"https:\/\/www.laurarequena.es\/servicios\/terapias-para-adultos\/"},{"@type":"ListItem","position":4,"name":"Terapia para adultos con otras patolog\u00edas","item":"https:\/\/www.laurarequena.es\/servicios\/terapias-para-adultos\/terapia-para-adultos-con-otras-patologias\/"},{"@type":"ListItem","position":5,"name":"Terapia para adultos con timidez (social y amorosa)"}]},{"@type":"WebSite","@id":"https:\/\/www.laurarequena.es\/#website","url":"https:\/\/www.laurarequena.es\/","name":"Laura Requena","description":"","publisher":{"@id":"https:\/\/www.laurarequena.es\/#organization"},"potentialAction":[{"@type":"SearchAction","target":{"@type":"EntryPoint","urlTemplate":"https:\/\/www.laurarequena.es\/?s={search_term_string}"},"query-input":{"@type":"PropertyValueSpecification","valueRequired":true,"valueName":"search_term_string"}}],"inLanguage":"en-US"},{"@type":"Organization","@id":"https:\/\/www.laurarequena.es\/#organization","name":"Centro de Psicoterapia Laura Requena","url":"https:\/\/www.laurarequena.es\/","logo":{"@type":"ImageObject","inLanguage":"en-US","@id":"https:\/\/www.laurarequena.es\/#\/schema\/logo\/image\/","url":"http:\/\/www.laurarequena.es\/wp-content\/uploads\/navbar-laura-requena-ticmatic.png","contentUrl":"http:\/\/www.laurarequena.es\/wp-content\/uploads\/navbar-laura-requena-ticmatic.png","width":1780,"height":443,"caption":"Centro de Psicoterapia Laura Requena"},"image":{"@id":"https:\/\/www.laurarequena.es\/#\/schema\/logo\/image\/"}}]}},"_links":{"self":[{"href":"https:\/\/www.laurarequena.es\/en\/wp-json\/wp\/v2\/pages\/510","targetHints":{"allow":["GET"]}}],"collection":[{"href":"https:\/\/www.laurarequena.es\/en\/wp-json\/wp\/v2\/pages"}],"about":[{"href":"https:\/\/www.laurarequena.es\/en\/wp-json\/wp\/v2\/types\/page"}],"author":[{"embeddable":true,"href":"https:\/\/www.laurarequena.es\/en\/wp-json\/wp\/v2\/users\/4"}],"replies":[{"embeddable":true,"href":"https:\/\/www.laurarequena.es\/en\/wp-json\/wp\/v2\/comments?post=510"}],"version-history":[{"count":9,"href":"https:\/\/www.laurarequena.es\/en\/wp-json\/wp\/v2\/pages\/510\/revisions"}],"predecessor-version":[{"id":1037,"href":"https:\/\/www.laurarequena.es\/en\/wp-json\/wp\/v2\/pages\/510\/revisions\/1037"}],"up":[{"embeddable":true,"href":"https:\/\/www.laurarequena.es\/en\/wp-json\/wp\/v2\/pages\/695"}],"wp:attachment":[{"href":"https:\/\/www.laurarequena.es\/en\/wp-json\/wp\/v2\/media?parent=510"}],"curies":[{"name":"wp","href":"https:\/\/api.w.org\/{rel}","templated":true}]}}