{"id":1239,"date":"2021-09-13T18:43:22","date_gmt":"2021-09-13T16:43:22","guid":{"rendered":"http:\/\/www.laurarequena.es\/?page_id=1239"},"modified":"2021-09-21T19:23:16","modified_gmt":"2021-09-21T17:23:16","slug":"metodos-de-trabajo-para-salud-mental-con-terapia-de-familia","status":"publish","type":"page","link":"https:\/\/www.laurarequena.es\/en\/metodo-de-trabajo\/metodos-de-trabajo-para-salud-mental-con-terapia-de-familia\/","title":{"rendered":"M\u00e9todos de trabajo para salud mental con terapia de familia"},"content":{"rendered":"[vc_row type=&#8221;full_width_background&#8221; full_screen_row_position=&#8221;middle&#8221; column_margin=&#8221;default&#8221; column_direction=&#8221;default&#8221; column_direction_tablet=&#8221;default&#8221; column_direction_phone=&#8221;default&#8221; bg_color=&#8221;#333333&#8243; bg_image=&#8221;77&#8243; bg_position=&#8221;center center&#8221; background_image_loading=&#8221;default&#8221; bg_repeat=&#8221;no-repeat&#8221; full_height=&#8221;yes&#8221; scene_position=&#8221;center&#8221; top_padding=&#8221;0&#8243; constrain_group_1=&#8221;yes&#8221; bottom_padding=&#8221;0&#8243; text_color=&#8221;light&#8221; text_align=&#8221;left&#8221; row_border_radius=&#8221;none&#8221; row_border_radius_applies=&#8221;bg&#8221; color_overlay=&#8221;#0a0a0a&#8221; overlay_strength=&#8221;0.3&#8243; gradient_direction=&#8221;left_to_right&#8221; shape_divider_position=&#8221;bottom&#8221; bg_image_animation=&#8221;none&#8221; parallax_bg=&#8221;true&#8221; parallax_bg_speed=&#8221;fast&#8221; shape_type=&#8221;&#8221;][vc_column column_padding=&#8221;no-extra-padding&#8221; column_padding_tablet=&#8221;inherit&#8221; column_padding_phone=&#8221;inherit&#8221; column_padding_position=&#8221;all&#8221; column_element_spacing=&#8221;default&#8221; background_color_opacity=&#8221;1&#8243; background_hover_color_opacity=&#8221;1&#8243; column_shadow=&#8221;none&#8221; column_border_radius=&#8221;none&#8221; column_link_target=&#8221;_self&#8221; gradient_direction=&#8221;left_to_right&#8221; overlay_strength=&#8221;0.3&#8243; width=&#8221;1\/1&#8243; tablet_width_inherit=&#8221;default&#8221; tablet_text_alignment=&#8221;default&#8221; phone_text_alignment=&#8221;default&#8221; bg_image_animation=&#8221;none&#8221; border_type=&#8221;simple&#8221; column_border_width=&#8221;none&#8221; column_border_style=&#8221;solid&#8221;][vc_row_inner column_margin=&#8221;default&#8221; column_direction=&#8221;default&#8221; column_direction_tablet=&#8221;default&#8221; column_direction_phone=&#8221;default&#8221; text_align=&#8221;left&#8221;][vc_column_inner column_padding=&#8221;no-extra-padding&#8221; column_padding_tablet=&#8221;inherit&#8221; column_padding_phone=&#8221;inherit&#8221; column_padding_position=&#8221;all&#8221; column_element_spacing=&#8221;default&#8221; background_color_opacity=&#8221;1&#8243; background_hover_color_opacity=&#8221;1&#8243; column_shadow=&#8221;none&#8221; column_border_radius=&#8221;none&#8221; column_link_target=&#8221;_self&#8221; gradient_direction=&#8221;left_to_right&#8221; overlay_strength=&#8221;0.3&#8243; width=&#8221;1\/6&#8243; tablet_width_inherit=&#8221;default&#8221; bg_image_animation=&#8221;none&#8221; enable_animation=&#8221;true&#8221; animation=&#8221;fade-in-from-bottom&#8221; border_type=&#8221;simple&#8221; column_border_width=&#8221;none&#8221; column_border_style=&#8221;solid&#8221;][\/vc_column_inner][vc_column_inner column_padding=&#8221;no-extra-padding&#8221; column_padding_tablet=&#8221;inherit&#8221; column_padding_phone=&#8221;inherit&#8221; column_padding_position=&#8221;all&#8221; column_element_spacing=&#8221;default&#8221; centered_text=&#8221;true&#8221; background_color_opacity=&#8221;1&#8243; background_hover_color_opacity=&#8221;1&#8243; column_shadow=&#8221;none&#8221; column_border_radius=&#8221;none&#8221; column_link_target=&#8221;_self&#8221; gradient_direction=&#8221;left_to_right&#8221; overlay_strength=&#8221;0.3&#8243; width=&#8221;2\/3&#8243; tablet_width_inherit=&#8221;default&#8221; bg_image_animation=&#8221;none&#8221; enable_animation=&#8221;true&#8221; animation=&#8221;fade-in-from-bottom&#8221; border_type=&#8221;simple&#8221; column_border_width=&#8221;none&#8221; column_border_style=&#8221;solid&#8221;][vc_column_text css_animation=&#8221;none&#8221; css=&#8221;.vc_custom_1631727963297{margin-bottom: 15px !important;}&#8221;]\n<h1 style=\"text-align: center;\">M\u00e9todos de trabajo para salud mental con terapia de familia<\/h1>\n[\/vc_column_text][\/vc_column_inner][vc_column_inner column_padding=&#8221;no-extra-padding&#8221; column_padding_tablet=&#8221;inherit&#8221; column_padding_phone=&#8221;inherit&#8221; column_padding_position=&#8221;all&#8221; column_element_spacing=&#8221;default&#8221; background_color_opacity=&#8221;1&#8243; background_hover_color_opacity=&#8221;1&#8243; column_shadow=&#8221;none&#8221; column_border_radius=&#8221;none&#8221; column_link_target=&#8221;_self&#8221; gradient_direction=&#8221;left_to_right&#8221; overlay_strength=&#8221;0.3&#8243; width=&#8221;1\/6&#8243; tablet_width_inherit=&#8221;default&#8221; bg_image_animation=&#8221;none&#8221; border_type=&#8221;simple&#8221; column_border_width=&#8221;none&#8221; column_border_style=&#8221;solid&#8221;][\/vc_column_inner][\/vc_row_inner][\/vc_column][\/vc_row][vc_row type=&#8221;in_container&#8221; full_screen_row_position=&#8221;middle&#8221; column_margin=&#8221;default&#8221; column_direction=&#8221;default&#8221; column_direction_tablet=&#8221;default&#8221; column_direction_phone=&#8221;default&#8221; scene_position=&#8221;center&#8221; top_padding=&#8221;4%&#8221; bottom_padding=&#8221;4%&#8221; text_color=&#8221;dark&#8221; text_align=&#8221;left&#8221; row_border_radius=&#8221;none&#8221; row_border_radius_applies=&#8221;bg&#8221; overlay_strength=&#8221;0.3&#8243; gradient_direction=&#8221;left_to_right&#8221; shape_divider_position=&#8221;bottom&#8221; bg_image_animation=&#8221;none&#8221; shape_type=&#8221;&#8221;][vc_column column_padding=&#8221;no-extra-padding&#8221; column_padding_tablet=&#8221;inherit&#8221; column_padding_phone=&#8221;inherit&#8221; column_padding_position=&#8221;all&#8221; column_element_spacing=&#8221;default&#8221; background_color_opacity=&#8221;1&#8243; background_hover_color_opacity=&#8221;1&#8243; column_shadow=&#8221;none&#8221; column_border_radius=&#8221;none&#8221; column_link_target=&#8221;_self&#8221; gradient_direction=&#8221;left_to_right&#8221; overlay_strength=&#8221;0.3&#8243; width=&#8221;1\/1&#8243; tablet_width_inherit=&#8221;default&#8221; tablet_text_alignment=&#8221;default&#8221; phone_text_alignment=&#8221;default&#8221; bg_image_animation=&#8221;none&#8221; border_type=&#8221;simple&#8221; column_border_width=&#8221;none&#8221; column_border_style=&#8221;solid&#8221;][vc_column_text]La terapia de familia eval\u00faa c\u00f3mo la conducta de una persona afecta a las relaciones con el resto de miembros de la familia y a la din\u00e1mica familiar.<\/p>\n<p>Consiste en descubrir y trabajar qu\u00e9 papel juega cada uno de los miembros en la familia y c\u00f3mo se influyen unos a otros.<\/p>\n<p>Mediante t\u00e9cnicas y estrategias se entrena a crear patrones de conducta saludables.<\/p>\n<p>Este tipo de terapia consiste en crear un espacio donde se favorezca la empat\u00eda y la comprensi\u00f3n para mejorar la comunicaci\u00f3n, resolver los problemas y encontrar formas de trabajar juntos.<\/p>\n<p>Muchas veces la terapia de familia NO va a eliminar todos los problemas, sin embargo, aporta a los miembros de la familia las estrategias y habilidades para superar juntos las dificultades y conseguir una forma mas saludable de relacionarse entre ellos.<\/p>\n<p>El proceso habitual (pero NO siempre el \u00fanico), de terapia de familia ser\u00e1 una sesi\u00f3n inicial con la familia completa, d\u00f3nde se expone el problema y el objetivo a conseguir, posteriormente se entrevista a cada miembro por separado para conocer c\u00f3mo vive la situaci\u00f3n cada uno de ellos, y poder conocer que aspectos que NO han salido en la sesi\u00f3n conjunta.<\/p>\n<p>La mayor\u00eda de las sesiones ser\u00e1n conjuntas excepto si el caso en concreto requiere de sesiones individuales y se trabaja seg\u00fan el plan de obtenci\u00f3n de objetivos terap\u00e9uticos marcados e identificados.<\/p>\n<p>El plan de tratamiento depende de la situaci\u00f3n familiar y se en nuestro centro se utilizan t\u00e9cnicas de terapia de familia y sistemas familiares, combinadas con t\u00e9cnicas de EMDR, que incluye el tratamiento de problemas de apego, reparaci\u00f3n de problemas de vinculaci\u00f3n materno-filial, trauma y duelo entre otros.<\/p>\n<p>Adem\u00e1s, utilizamos la terapia breve estrat\u00e9gica familiar (TBEF) que analiza las soluciones que se han adoptado para resolver el problema y que NO han funcionado para buscar una soluci\u00f3n que NO se haya utilizado nunca y probarla.<\/p>\n<p>De esta manera, se rompe con lo que se ha hecho anteriormente y se innova con la soluci\u00f3n a aplicar.<\/p>\n<p>No se busca una causa del problema psicol\u00f3gico en s\u00ed que tenga la persona, ya que se entiende que el pasado no se puede cambiar, sino que se buscan nuevas perspectivas nunca antes utilizadas.<\/p>\n[\/vc_column_text][\/vc_column][\/vc_row][vc_row type=&#8221;in_container&#8221; full_screen_row_position=&#8221;middle&#8221; column_margin=&#8221;default&#8221; column_direction=&#8221;default&#8221; column_direction_tablet=&#8221;default&#8221; column_direction_phone=&#8221;default&#8221; scene_position=&#8221;center&#8221; bottom_padding=&#8221;4%&#8221; text_color=&#8221;dark&#8221; text_align=&#8221;left&#8221; row_border_radius=&#8221;none&#8221; row_border_radius_applies=&#8221;bg&#8221; overlay_strength=&#8221;0.3&#8243; gradient_direction=&#8221;left_to_right&#8221; shape_divider_position=&#8221;bottom&#8221; bg_image_animation=&#8221;none&#8221; shape_type=&#8221;&#8221;][vc_column column_padding=&#8221;no-extra-padding&#8221; column_padding_tablet=&#8221;inherit&#8221; column_padding_phone=&#8221;inherit&#8221; column_padding_position=&#8221;all&#8221; column_element_spacing=&#8221;default&#8221; background_color_opacity=&#8221;1&#8243; background_hover_color_opacity=&#8221;1&#8243; column_shadow=&#8221;none&#8221; column_border_radius=&#8221;none&#8221; column_link_target=&#8221;_self&#8221; gradient_direction=&#8221;left_to_right&#8221; overlay_strength=&#8221;0.3&#8243; width=&#8221;1\/1&#8243; tablet_width_inherit=&#8221;default&#8221; tablet_text_alignment=&#8221;default&#8221; phone_text_alignment=&#8221;default&#8221; bg_image_animation=&#8221;none&#8221; border_type=&#8221;simple&#8221; column_border_width=&#8221;none&#8221; column_border_style=&#8221;solid&#8221;][vc_custom_heading text=&#8221;Ofrezco para el tratamiento de la salud mental, la terapia de familia, para:&#8221; use_theme_fonts=&#8221;yes&#8221;][vc_row_inner column_margin=&#8221;default&#8221; column_direction=&#8221;default&#8221; column_direction_tablet=&#8221;default&#8221; column_direction_phone=&#8221;default&#8221; top_padding=&#8221;2%&#8221; text_align=&#8221;left&#8221;][vc_column_inner column_padding=&#8221;no-extra-padding&#8221; column_padding_tablet=&#8221;inherit&#8221; column_padding_phone=&#8221;inherit&#8221; column_padding_position=&#8221;all&#8221; column_element_spacing=&#8221;default&#8221; background_color_opacity=&#8221;1&#8243; background_hover_color_opacity=&#8221;1&#8243; column_shadow=&#8221;none&#8221; column_border_radius=&#8221;none&#8221; column_link_target=&#8221;_self&#8221; gradient_direction=&#8221;left_to_right&#8221; overlay_strength=&#8221;0.3&#8243; width=&#8221;1\/3&#8243; tablet_width_inherit=&#8221;default&#8221; bg_image_animation=&#8221;none&#8221; border_type=&#8221;simple&#8221; column_border_width=&#8221;none&#8221; column_border_style=&#8221;solid&#8221;][fancy_box box_style=&#8221;color_box_hover&#8221; icon_family=&#8221;iconsmind&#8221; color=&#8221;extra-color-gradient-1&#8243; color_box_hover_overlay_opacity=&#8221;default&#8221; box_alignment=&#8221;left&#8221; border_radius=&#8221;default&#8221; image_loading=&#8221;default&#8221; icon_iconsmind=&#8221;iconsmind-Family-Sign&#8221; min_height=&#8221;200&#8243;]Descubrir y trabajar qu\u00e9 papel juega cada uno de los miembros en la familia y c\u00f3mo se influyen unos a otros.[\/fancy_box][\/vc_column_inner][vc_column_inner column_padding=&#8221;no-extra-padding&#8221; column_padding_tablet=&#8221;inherit&#8221; column_padding_phone=&#8221;inherit&#8221; column_padding_position=&#8221;all&#8221; column_element_spacing=&#8221;default&#8221; background_color_opacity=&#8221;1&#8243; background_hover_color_opacity=&#8221;1&#8243; column_shadow=&#8221;none&#8221; column_border_radius=&#8221;none&#8221; column_link_target=&#8221;_self&#8221; gradient_direction=&#8221;left_to_right&#8221; overlay_strength=&#8221;0.3&#8243; width=&#8221;1\/3&#8243; tablet_width_inherit=&#8221;default&#8221; bg_image_animation=&#8221;none&#8221; border_type=&#8221;simple&#8221; column_border_width=&#8221;none&#8221; column_border_style=&#8221;solid&#8221;][fancy_box box_style=&#8221;color_box_hover&#8221; icon_family=&#8221;iconsmind&#8221; color=&#8221;extra-color-gradient-1&#8243; color_box_hover_overlay_opacity=&#8221;default&#8221; box_alignment=&#8221;left&#8221; border_radius=&#8221;default&#8221; image_loading=&#8221;default&#8221; icon_iconsmind=&#8221;iconsmind-Business-ManWoman&#8221; min_height=&#8221;200&#8243;]Mejorar la comunicaci\u00f3n, resolver los problemas y encontrar formas de trabajar juntos[\/fancy_box][\/vc_column_inner][vc_column_inner column_padding=&#8221;no-extra-padding&#8221; column_padding_tablet=&#8221;inherit&#8221; column_padding_phone=&#8221;inherit&#8221; column_padding_position=&#8221;all&#8221; column_element_spacing=&#8221;default&#8221; background_color_opacity=&#8221;1&#8243; background_hover_color_opacity=&#8221;1&#8243; column_shadow=&#8221;none&#8221; column_border_radius=&#8221;none&#8221; column_link_target=&#8221;_self&#8221; gradient_direction=&#8221;left_to_right&#8221; overlay_strength=&#8221;0.3&#8243; width=&#8221;1\/3&#8243; tablet_width_inherit=&#8221;default&#8221; bg_image_animation=&#8221;none&#8221; border_type=&#8221;simple&#8221; column_border_width=&#8221;none&#8221; column_border_style=&#8221;solid&#8221;][fancy_box box_style=&#8221;color_box_hover&#8221; icon_family=&#8221;iconsmind&#8221; color=&#8221;extra-color-gradient-1&#8243; color_box_hover_overlay_opacity=&#8221;default&#8221; box_alignment=&#8221;left&#8221; border_radius=&#8221;default&#8221; image_loading=&#8221;default&#8221; icon_iconsmind=&#8221;iconsmind-Gemini-2&#8243; min_height=&#8221;200&#8243;]Aporta a los miembros de la familia las estrategias y habilidades para superar juntos las dificultades y conseguir una forma m\u00e1s saludable de relacionarse entre ellos.[\/fancy_box][\/vc_column_inner][\/vc_row_inner][\/vc_column][\/vc_row]\n","protected":false},"excerpt":{"rendered":"<p>[vc_row type=&#8221;full_width_background&#8221; full_screen_row_position=&#8221;middle&#8221; column_margin=&#8221;default&#8221; column_direction=&#8221;default&#8221; column_direction_tablet=&#8221;default&#8221; column_direction_phone=&#8221;default&#8221; bg_color=&#8221;#333333&#8243; bg_image=&#8221;77&#8243; bg_position=&#8221;center center&#8221; background_image_loading=&#8221;default&#8221; bg_repeat=&#8221;no-repeat&#8221; full_height=&#8221;yes&#8221; scene_position=&#8221;center&#8221; top_padding=&#8221;0&#8243; constrain_group_1=&#8221;yes&#8221; bottom_padding=&#8221;0&#8243; text_color=&#8221;light&#8221; text_align=&#8221;left&#8221; row_border_radius=&#8221;none&#8221; row_border_radius_applies=&#8221;bg&#8221; color_overlay=&#8221;#0a0a0a&#8221; overlay_strength=&#8221;0.3&#8243; gradient_direction=&#8221;left_to_right&#8221; shape_divider_position=&#8221;bottom&#8221; bg_image_animation=&#8221;none&#8221; parallax_bg=&#8221;true&#8221; parallax_bg_speed=&#8221;fast&#8221; shape_type=&#8221;&#8221;][vc_column&#8230;<\/p>\n","protected":false},"author":4,"featured_media":0,"parent":293,"menu_order":0,"comment_status":"closed","ping_status":"closed","template":"","meta":{"_joinchat":[],"footnotes":""},"class_list":["post-1239","page","type-page","status-publish"],"yoast_head":"<!-- This site is optimized with the Yoast SEO plugin v27.1.1 - https:\/\/yoast.com\/product\/yoast-seo-wordpress\/ -->\n<title>Terapia de familia para salud mental. Laura Requena, psic\u00f3loga en Vitoria.<\/title>\n<meta name=\"description\" content=\"Terapia de familia, tratamiento de problemas de apego, duelo y trauma. Laura Requena, psic\u00f3loga en Vitoria. Contactanos en el 658490030.\" \/>\n<meta name=\"robots\" content=\"index, follow, max-snippet:-1, max-image-preview:large, max-video-preview:-1\" \/>\n<link rel=\"canonical\" href=\"https:\/\/www.laurarequena.es\/en\/metodos-de-trabajo\/metodos-de-trabajo-para-salud-mental-con-terapia-de-familia\/\" \/>\n<meta property=\"og:locale\" content=\"en_US\" \/>\n<meta property=\"og:type\" content=\"article\" \/>\n<meta property=\"og:title\" content=\"Terapia de familia para salud mental. Laura Requena, psic\u00f3loga en Vitoria.\" \/>\n<meta property=\"og:description\" content=\"Terapia de familia, tratamiento de problemas de apego, duelo y trauma. Laura Requena, psic\u00f3loga en Vitoria. Contactanos en el 658490030.\" \/>\n<meta property=\"og:url\" content=\"https:\/\/www.laurarequena.es\/metodos-de-trabajo\/metodos-de-trabajo-para-salud-mental-con-terapia-de-familia\/\" \/>\n<meta property=\"og:site_name\" content=\"Laura Requena\" \/>\n<meta property=\"article:modified_time\" content=\"2021-09-21T17:23:16+00:00\" \/>\n<meta name=\"twitter:card\" content=\"summary_large_image\" \/>\n<meta name=\"twitter:label1\" content=\"Est. reading time\" \/>\n\t<meta name=\"twitter:data1\" content=\"4 minutes\" \/>\n<script type=\"application\/ld+json\" class=\"yoast-schema-graph\">{\"@context\":\"https:\/\/schema.org\",\"@graph\":[{\"@type\":\"WebPage\",\"@id\":\"https:\/\/www.laurarequena.es\/metodos-de-trabajo\/metodos-de-trabajo-para-salud-mental-con-terapia-de-familia\/\",\"url\":\"https:\/\/www.laurarequena.es\/metodos-de-trabajo\/metodos-de-trabajo-para-salud-mental-con-terapia-de-familia\/\",\"name\":\"Terapia de familia para salud mental. Laura Requena, psic\u00f3loga en Vitoria.\",\"isPartOf\":{\"@id\":\"https:\/\/www.laurarequena.es\/#website\"},\"datePublished\":\"2021-09-13T16:43:22+00:00\",\"dateModified\":\"2021-09-21T17:23:16+00:00\",\"description\":\"Terapia de familia, tratamiento de problemas de apego, duelo y trauma. Laura Requena, psic\u00f3loga en Vitoria. Contactanos en el 658490030.\",\"breadcrumb\":{\"@id\":\"https:\/\/www.laurarequena.es\/metodos-de-trabajo\/metodos-de-trabajo-para-salud-mental-con-terapia-de-familia\/#breadcrumb\"},\"inLanguage\":\"en-US\",\"potentialAction\":[{\"@type\":\"ReadAction\",\"target\":[\"https:\/\/www.laurarequena.es\/metodos-de-trabajo\/metodos-de-trabajo-para-salud-mental-con-terapia-de-familia\/\"]}]},{\"@type\":\"BreadcrumbList\",\"@id\":\"https:\/\/www.laurarequena.es\/metodos-de-trabajo\/metodos-de-trabajo-para-salud-mental-con-terapia-de-familia\/#breadcrumb\",\"itemListElement\":[{\"@type\":\"ListItem\",\"position\":1,\"name\":\"Portada\",\"item\":\"https:\/\/www.laurarequena.es\/\"},{\"@type\":\"ListItem\",\"position\":2,\"name\":\"Metodo de trabajo\",\"item\":\"https:\/\/www.laurarequena.es\/metodos-de-trabajo\/\"},{\"@type\":\"ListItem\",\"position\":3,\"name\":\"M\u00e9todos de trabajo para salud mental con terapia de familia\"}]},{\"@type\":\"WebSite\",\"@id\":\"https:\/\/www.laurarequena.es\/#website\",\"url\":\"https:\/\/www.laurarequena.es\/\",\"name\":\"Laura Requena\",\"description\":\"\",\"publisher\":{\"@id\":\"https:\/\/www.laurarequena.es\/#organization\"},\"potentialAction\":[{\"@type\":\"SearchAction\",\"target\":{\"@type\":\"EntryPoint\",\"urlTemplate\":\"https:\/\/www.laurarequena.es\/?s={search_term_string}\"},\"query-input\":{\"@type\":\"PropertyValueSpecification\",\"valueRequired\":true,\"valueName\":\"search_term_string\"}}],\"inLanguage\":\"en-US\"},{\"@type\":\"Organization\",\"@id\":\"https:\/\/www.laurarequena.es\/#organization\",\"name\":\"Centro de Psicoterapia Laura Requena\",\"url\":\"https:\/\/www.laurarequena.es\/\",\"logo\":{\"@type\":\"ImageObject\",\"inLanguage\":\"en-US\",\"@id\":\"https:\/\/www.laurarequena.es\/#\/schema\/logo\/image\/\",\"url\":\"http:\/\/www.laurarequena.es\/wp-content\/uploads\/navbar-laura-requena-ticmatic.png\",\"contentUrl\":\"http:\/\/www.laurarequena.es\/wp-content\/uploads\/navbar-laura-requena-ticmatic.png\",\"width\":1780,\"height\":443,\"caption\":\"Centro de Psicoterapia Laura Requena\"},\"image\":{\"@id\":\"https:\/\/www.laurarequena.es\/#\/schema\/logo\/image\/\"}}]}<\/script>\n<!-- \/ Yoast SEO plugin. -->","yoast_head_json":{"title":"Terapia de familia para salud mental. Laura Requena, psic\u00f3loga en Vitoria.","description":"Terapia de familia, tratamiento de problemas de apego, duelo y trauma. Laura Requena, psic\u00f3loga en Vitoria. Contactanos en el 658490030.","robots":{"index":"index","follow":"follow","max-snippet":"max-snippet:-1","max-image-preview":"max-image-preview:large","max-video-preview":"max-video-preview:-1"},"canonical":"https:\/\/www.laurarequena.es\/en\/metodos-de-trabajo\/metodos-de-trabajo-para-salud-mental-con-terapia-de-familia\/","og_locale":"en_US","og_type":"article","og_title":"Terapia de familia para salud mental. Laura Requena, psic\u00f3loga en Vitoria.","og_description":"Terapia de familia, tratamiento de problemas de apego, duelo y trauma. Laura Requena, psic\u00f3loga en Vitoria. Contactanos en el 658490030.","og_url":"https:\/\/www.laurarequena.es\/metodos-de-trabajo\/metodos-de-trabajo-para-salud-mental-con-terapia-de-familia\/","og_site_name":"Laura Requena","article_modified_time":"2021-09-21T17:23:16+00:00","twitter_card":"summary_large_image","twitter_misc":{"Est. reading time":"4 minutes"},"schema":{"@context":"https:\/\/schema.org","@graph":[{"@type":"WebPage","@id":"https:\/\/www.laurarequena.es\/metodos-de-trabajo\/metodos-de-trabajo-para-salud-mental-con-terapia-de-familia\/","url":"https:\/\/www.laurarequena.es\/metodos-de-trabajo\/metodos-de-trabajo-para-salud-mental-con-terapia-de-familia\/","name":"Terapia de familia para salud mental. Laura Requena, psic\u00f3loga en Vitoria.","isPartOf":{"@id":"https:\/\/www.laurarequena.es\/#website"},"datePublished":"2021-09-13T16:43:22+00:00","dateModified":"2021-09-21T17:23:16+00:00","description":"Terapia de familia, tratamiento de problemas de apego, duelo y trauma. Laura Requena, psic\u00f3loga en Vitoria. Contactanos en el 658490030.","breadcrumb":{"@id":"https:\/\/www.laurarequena.es\/metodos-de-trabajo\/metodos-de-trabajo-para-salud-mental-con-terapia-de-familia\/#breadcrumb"},"inLanguage":"en-US","potentialAction":[{"@type":"ReadAction","target":["https:\/\/www.laurarequena.es\/metodos-de-trabajo\/metodos-de-trabajo-para-salud-mental-con-terapia-de-familia\/"]}]},{"@type":"BreadcrumbList","@id":"https:\/\/www.laurarequena.es\/metodos-de-trabajo\/metodos-de-trabajo-para-salud-mental-con-terapia-de-familia\/#breadcrumb","itemListElement":[{"@type":"ListItem","position":1,"name":"Portada","item":"https:\/\/www.laurarequena.es\/"},{"@type":"ListItem","position":2,"name":"Metodo de trabajo","item":"https:\/\/www.laurarequena.es\/metodos-de-trabajo\/"},{"@type":"ListItem","position":3,"name":"M\u00e9todos de trabajo para salud mental con terapia de familia"}]},{"@type":"WebSite","@id":"https:\/\/www.laurarequena.es\/#website","url":"https:\/\/www.laurarequena.es\/","name":"Laura Requena","description":"","publisher":{"@id":"https:\/\/www.laurarequena.es\/#organization"},"potentialAction":[{"@type":"SearchAction","target":{"@type":"EntryPoint","urlTemplate":"https:\/\/www.laurarequena.es\/?s={search_term_string}"},"query-input":{"@type":"PropertyValueSpecification","valueRequired":true,"valueName":"search_term_string"}}],"inLanguage":"en-US"},{"@type":"Organization","@id":"https:\/\/www.laurarequena.es\/#organization","name":"Centro de Psicoterapia Laura Requena","url":"https:\/\/www.laurarequena.es\/","logo":{"@type":"ImageObject","inLanguage":"en-US","@id":"https:\/\/www.laurarequena.es\/#\/schema\/logo\/image\/","url":"http:\/\/www.laurarequena.es\/wp-content\/uploads\/navbar-laura-requena-ticmatic.png","contentUrl":"http:\/\/www.laurarequena.es\/wp-content\/uploads\/navbar-laura-requena-ticmatic.png","width":1780,"height":443,"caption":"Centro de Psicoterapia Laura Requena"},"image":{"@id":"https:\/\/www.laurarequena.es\/#\/schema\/logo\/image\/"}}]}},"_links":{"self":[{"href":"https:\/\/www.laurarequena.es\/en\/wp-json\/wp\/v2\/pages\/1239","targetHints":{"allow":["GET"]}}],"collection":[{"href":"https:\/\/www.laurarequena.es\/en\/wp-json\/wp\/v2\/pages"}],"about":[{"href":"https:\/\/www.laurarequena.es\/en\/wp-json\/wp\/v2\/types\/page"}],"author":[{"embeddable":true,"href":"https:\/\/www.laurarequena.es\/en\/wp-json\/wp\/v2\/users\/4"}],"replies":[{"embeddable":true,"href":"https:\/\/www.laurarequena.es\/en\/wp-json\/wp\/v2\/comments?post=1239"}],"version-history":[{"count":9,"href":"https:\/\/www.laurarequena.es\/en\/wp-json\/wp\/v2\/pages\/1239\/revisions"}],"predecessor-version":[{"id":1396,"href":"https:\/\/www.laurarequena.es\/en\/wp-json\/wp\/v2\/pages\/1239\/revisions\/1396"}],"up":[{"embeddable":true,"href":"https:\/\/www.laurarequena.es\/en\/wp-json\/wp\/v2\/pages\/293"}],"wp:attachment":[{"href":"https:\/\/www.laurarequena.es\/en\/wp-json\/wp\/v2\/media?parent=1239"}],"curies":[{"name":"wp","href":"https:\/\/api.w.org\/{rel}","templated":true}]}}